{"id":56,"date":"2026-04-08T12:39:37","date_gmt":"2026-04-08T12:39:37","guid":{"rendered":"http:\/\/haluksy.pro\/index.php\/experts\/"},"modified":"2026-04-08T19:13:48","modified_gmt":"2026-04-08T19:13:48","slug":"experts","status":"publish","type":"page","link":"https:\/\/haluksy.pro\/index.php\/experts\/","title":{"rendered":"Specjali\u015bci"},"content":{"rendered":"\n<div class=\"wp-block-media-text is-stacked-on-mobile\"><figure class=\"wp-block-media-text__media\"><img loading=\"lazy\" decoding=\"async\" width=\"529\" height=\"530\" src=\"https:\/\/haluksy.pro\/wp-content\/uploads\/2026\/04\/morgan_pakua.jpeg\" alt=\"\" class=\"wp-image-147 size-full\" srcset=\"https:\/\/haluksy.pro\/wp-content\/uploads\/2026\/04\/morgan_pakua.jpeg 529w, https:\/\/haluksy.pro\/wp-content\/uploads\/2026\/04\/morgan_pakua-300x300.jpeg 300w, https:\/\/haluksy.pro\/wp-content\/uploads\/2026\/04\/morgan_pakua-150x150.jpeg 150w\" sizes=\"auto, (max-width: 529px) 100vw, 529px\" \/><\/figure><div class=\"wp-block-media-text__content\">\n<p><strong>dr n. med. Grzegorz Paku\u0142a<\/strong><\/p>\n\n\n\n<p>Specjalista ortopedii i traumatologii narz\u0105du ruchu<br>Absolwent Wojskowej Akademii Medycznej w \u0141odzi, posiadaj\u0105cy ponad 25-letnie do\u015bwiadczenie w diagnostyce i leczeniu schorze\u0144 uk\u0142adu kostno-stawowego. Stopie\u0144 doktora nauk medycznych oraz wieloletnia praktyka na stanowisku starszego asystenta w Klinice Ortopedii i Traumatologii 4. Wojskowego Szpitala Klinicznego we Wroc\u0142awiu pozwalaj\u0105 mu na kompleksowe podej\u015bcie do problem\u00f3w pacjent\u00f3w.<\/p>\n\n\n\n<p><\/p>\n\n\n\n<p>Jako autor licznych publikacji w czasopismach bran\u017cowych (m.in. w \u201ePraktycznej Ortopedii i Traumatologii\u201d), dr Paku\u0142a stale dzieli si\u0119 swoj\u0105 wiedz\u0105 eksperck\u0105 z zakresu nowoczesnej chirurgii ortopedycznej. Pacjenci ceni\u0105 go za merytoryczne podej\u015bcie, jasne wyja\u015bnianie przyczyn dolegliwo\u015bci oraz empati\u0119.<\/p>\n<\/div><\/div>\n\n\n\n<div class=\"wp-block-media-text is-stacked-on-mobile\"><figure class=\"wp-block-media-text__media\"><img loading=\"lazy\" decoding=\"async\" width=\"537\" height=\"538\" src=\"https:\/\/haluksy.pro\/wp-content\/uploads\/2026\/04\/morgan_pysiewicz.png\" alt=\"\" class=\"wp-image-103 size-full\" srcset=\"https:\/\/haluksy.pro\/wp-content\/uploads\/2026\/04\/morgan_pysiewicz.png 537w, https:\/\/haluksy.pro\/wp-content\/uploads\/2026\/04\/morgan_pysiewicz-300x300.png 300w, https:\/\/haluksy.pro\/wp-content\/uploads\/2026\/04\/morgan_pysiewicz-150x150.png 150w\" sizes=\"auto, (max-width: 537px) 100vw, 537px\" \/><\/figure><div class=\"wp-block-media-text__content\">\n<p><strong>dr Sylwester Pysiewicz <\/strong><\/p>\n\n\n\n<p>od 2009 r. posiada specjalizacj\u0119 w zakresie ortopedii i traumatologii narz\u0105du ruchu. W swojej pracy zawodowej specjalizuje si\u0119 w leczeniu operacyjnym schorze\u0144 stawu biodrowego, kolanowego oraz stopy.<\/p>\n\n\n\n<p><\/p>\n\n\n\n<p>Prowadzi konsultacje ortopedyczne, posiada certyfikat medycyny sportowej. Wykonuje USG narz\u0105du ruchu oraz zabiegi operacyjne w ramach chirurgii jednego dnia. Jest r\u00f3wnie\u017c orzecznikiem zdolno\u015bci do czynnego uprawiania sportu do 21 roku \u017cycia.<\/p>\n<\/div><\/div>\n\n\n\n<div class=\"wp-block-media-text is-stacked-on-mobile\"><figure class=\"wp-block-media-text__media\"><img loading=\"lazy\" decoding=\"async\" width=\"625\" height=\"660\" src=\"https:\/\/haluksy.pro\/wp-content\/uploads\/2026\/04\/morgan_face5-1.png\" alt=\"\" class=\"wp-image-105 size-full\" srcset=\"https:\/\/haluksy.pro\/wp-content\/uploads\/2026\/04\/morgan_face5-1.png 625w, https:\/\/haluksy.pro\/wp-content\/uploads\/2026\/04\/morgan_face5-1-284x300.png 284w\" sizes=\"auto, (max-width: 625px) 100vw, 625px\" \/><\/figure><div class=\"wp-block-media-text__content\">\n<p><strong>dr Szymon Suszczy\u0144ski <\/strong><\/p>\n\n\n\n<p>Lekarz specjalista ortopedii i traumatologii narz\u0105du ruchu. Na co dzie\u0144 pracuje w Klinice Ortopedii i Traumatologii Narz\u0105du Ruchu 4. Wojskowego Szpitala Klinicznego we Wroc\u0142awiu, gdzie zajmuj\u0119 si\u0119 diagnostyk\u0105 i leczeniem operacyjnym oraz zachowawczym schorze\u0144 i uraz\u00f3w narz\u0105du ruchu.<\/p>\n\n\n\n<p><\/p>\n\n\n\n<p>W swojej pracy wykonuj\u0119 szerokie spektrum zabieg\u00f3w ortopedycznych, ze szczeg\u00f3lnym uwzgl\u0119dnieniem chirurgii urazowej, endoprotezoplastyki staw\u00f3w biodrowych i kolanowych, chirurgii stopy oraz chirurgii r\u0119ki. Zajmuj\u0119 si\u0119 leczeniem pacjent\u00f3w z urazami, zmianami przeci\u0105\u017ceniowymi, schorzeniami zwyrodnieniowymi oraz dolegliwo\u015bciami b\u00f3lowymi ko\u0144czyn i staw\u00f3w.<\/p>\n<\/div><\/div>\n","protected":false},"excerpt":{"rendered":"<p>dr n. med. Grzegorz Paku\u0142a Specjalista ortopedii i traumatologii narz\u0105du ruchuAbsolwent Wojskowej Akademii Medycznej w \u0141odzi, posiadaj\u0105cy ponad 25-letnie do\u015bwiadczenie w diagnostyce i leczeniu schorze\u0144 uk\u0142adu kostno-stawowego. Stopie\u0144 doktora nauk medycznych oraz wieloletnia praktyka na stanowisku starszego asystenta w Klinice Ortopedii i Traumatologii 4. Wojskowego Szpitala Klinicznego we Wroc\u0142awiu pozwalaj\u0105 mu na kompleksowe podej\u015bcie do [&hellip;]<\/p>\n","protected":false},"author":1,"featured_media":0,"parent":0,"menu_order":0,"comment_status":"closed","ping_status":"closed","template":"","meta":{"_regular_price":[],"currency_symbol":[],"footnotes":""},"class_list":["post-56","page","type-page","status-publish","hentry"],"post_slider_layout_featured_media_urls":{"thumbnail":"","post_slider_layout_landscape_large":"","post_slider_layout_portrait_large":"","post_slider_layout_square_large":"","post_slider_layout_landscape":"","post_slider_layout_portrait":"","post_slider_layout_square":"","full":""},"_links":{"self":[{"href":"https:\/\/haluksy.pro\/index.php\/wp-json\/wp\/v2\/pages\/56","targetHints":{"allow":["GET"]}}],"collection":[{"href":"https:\/\/haluksy.pro\/index.php\/wp-json\/wp\/v2\/pages"}],"about":[{"href":"https:\/\/haluksy.pro\/index.php\/wp-json\/wp\/v2\/types\/page"}],"author":[{"embeddable":true,"href":"https:\/\/haluksy.pro\/index.php\/wp-json\/wp\/v2\/users\/1"}],"replies":[{"embeddable":true,"href":"https:\/\/haluksy.pro\/index.php\/wp-json\/wp\/v2\/comments?post=56"}],"version-history":[{"count":4,"href":"https:\/\/haluksy.pro\/index.php\/wp-json\/wp\/v2\/pages\/56\/revisions"}],"predecessor-version":[{"id":148,"href":"https:\/\/haluksy.pro\/index.php\/wp-json\/wp\/v2\/pages\/56\/revisions\/148"}],"wp:attachment":[{"href":"https:\/\/haluksy.pro\/index.php\/wp-json\/wp\/v2\/media?parent=56"}],"curies":[{"name":"wp","href":"https:\/\/api.w.org\/{rel}","templated":true}]}}