{"id":117,"date":"2026-04-08T17:29:02","date_gmt":"2026-04-08T17:29:02","guid":{"rendered":"http:\/\/haluksy.pro\/?page_id=117"},"modified":"2026-04-08T17:47:00","modified_gmt":"2026-04-08T17:47:00","slug":"kontakt","status":"publish","type":"page","link":"https:\/\/haluksy.pro\/kontakt\/","title":{"rendered":"Kontakt"},"content":{"rendered":"\n<p>Zadzwo\u0144 do nas +<a href=\"tel:+48790231232\">48790231232<\/a> i um\u00f3w si\u0119 na konsultacj\u0119 lub skorzystaj z poni\u017cszego formularza: <\/p>\n\n\n\n        <div class=\"ive-form ive-form_88d6de-b8\" id=\"gkt_form_5f5b879a\">\n          <form method=\"POST\" name=\"ive-form\" action=\"\/index.php\/wp-json\/wp\/v2\/pages\/117#gkt_form_5f5b879a\">\n            \n\n        <div class=\"ive-form-field ive-form-field-name form_name_c30347-69 none-center\">\n                          <label class=\"ive-form-field-label\"  for=\"gkt_form_5f5b879a_field_name\">\n          Imi\u0119        <\/label>\n            <input type=\"hidden\" name=\"field_name[label]\" value=\"Imi\u0119\" \/>\n      \n            \n                <input type=\"text\"  name=\"field_name[value]\" id=\"gkt_form_5f5b879a_field_name\" \/>\n\n                \n            \n                    <\/div>\n\n        \n\n\n        <div class=\"ive-form-field ive-form-field-email form_Email_c29eb9-b1 none-center\">\n                          <label class=\"ive-form-field-label\"  for=\"gkt_form_5f5b879a_field_email\">\n          Email<span class=\"required\">*<\/span>        <\/label>\n            <input type=\"hidden\" name=\"field_email[label]\" value=\"Email\" \/>\n      \n            \n                <input type=\"email\"  required=\"required\" name=\"field_email[value]\" id=\"gkt_form_5f5b879a_field_email\" \/>\n\n                \n                    <\/div>\n\n        \n\n\n        <div class=\"ive-form-field ive-form-field-text form_text_b68e8f-ae none-center\">\n                          <label class=\"ive-form-field-label\"  for=\"gkt_form_5f5b879a_field_subject\">\n          Temat<span class=\"required\">*<\/span>        <\/label>\n            <input type=\"hidden\" name=\"field_subject[label]\" value=\"Temat\" \/>\n      \n            <input type=\"text\"  required=\"required\" name=\"field_subject[value]\" id=\"gkt_form_5f5b879a_field_subject\" \/>\n\n                    <\/div>\n\n        \n\n\n        <div class=\"ive-form-field ive-form-field-textarea form_textarea_6b3bc1-96 none-center\">\n                          <label class=\"ive-form-field-label\"  for=\"gkt_form_5f5b879a_field_message\">\n          Wiadomo\u015b\u0107<span class=\"required\">*<\/span>        <\/label>\n            <input type=\"hidden\" name=\"field_message[label]\" value=\"Wiadomo\u015b\u0107\" \/>\n      \n            <textarea  required=\"required\" name=\"field_message[value]\" id=\"gkt_form_5f5b879a_field_message\"><\/textarea>\n\n                    <\/div>\n\n        \n\n\n<div class=\"ive-form-submit-button\">\n<button class=\"ive-button ive-button-_0239d6-3c none-center ive-button-md ive-button-with-outline\"><span class=\"ive-button-text\">Wy\u015blij<\/span><\/button>\n<\/div>\n\n<input type=\"hidden\" id=\"gkt_form_5f5b879a\" name=\"gkt_form_5f5b879a\" value=\"d3a6842c11\" \/><input type=\"hidden\" name=\"_wp_http_referer\" value=\"\/index.php\/wp-json\/wp\/v2\/pages\/117\" \/>            <input type=\"hidden\" name=\"ive_form_id\" value=\"gkt_form_5f5b879a\">\n                      <\/form>\n        <\/div>\n\n        \n\n\n<p><\/p>\n","protected":false},"excerpt":{"rendered":"<p>Zadzwo\u0144 do nas +48790231232 i um\u00f3w si\u0119 na konsultacj\u0119 lub skorzystaj z poni\u017cszego formularza:<\/p>\n","protected":false},"author":1,"featured_media":0,"parent":0,"menu_order":0,"comment_status":"closed","ping_status":"closed","template":"","meta":{"_regular_price":[],"currency_symbol":[],"footnotes":""},"class_list":["post-117","page","type-page","status-publish","hentry"],"post_slider_layout_featured_media_urls":{"thumbnail":"","post_slider_layout_landscape_large":"","post_slider_layout_portrait_large":"","post_slider_layout_square_large":"","post_slider_layout_landscape":"","post_slider_layout_portrait":"","post_slider_layout_square":"","full":""},"_links":{"self":[{"href":"https:\/\/haluksy.pro\/wp-json\/wp\/v2\/pages\/117","targetHints":{"allow":["GET"]}}],"collection":[{"href":"https:\/\/haluksy.pro\/wp-json\/wp\/v2\/pages"}],"about":[{"href":"https:\/\/haluksy.pro\/wp-json\/wp\/v2\/types\/page"}],"author":[{"embeddable":true,"href":"https:\/\/haluksy.pro\/wp-json\/wp\/v2\/users\/1"}],"replies":[{"embeddable":true,"href":"https:\/\/haluksy.pro\/wp-json\/wp\/v2\/comments?post=117"}],"version-history":[{"count":3,"href":"https:\/\/haluksy.pro\/wp-json\/wp\/v2\/pages\/117\/revisions"}],"predecessor-version":[{"id":126,"href":"https:\/\/haluksy.pro\/wp-json\/wp\/v2\/pages\/117\/revisions\/126"}],"wp:attachment":[{"href":"https:\/\/haluksy.pro\/wp-json\/wp\/v2\/media?parent=117"}],"curies":[{"name":"wp","href":"https:\/\/api.w.org\/{rel}","templated":true}]}}